{"id":13,"date":"2021-05-06T18:20:31","date_gmt":"2021-05-06T18:20:31","guid":{"rendered":"https:\/\/www.whatyou.love\/?page_id=13"},"modified":"2021-05-12T18:46:24","modified_gmt":"2021-05-12T18:46:24","slug":"stars","status":"publish","type":"page","link":"https:\/\/www.whatyou.love\/de\/start\/stars\/","title":{"rendered":"Willkommen, Erotik-Stars!"},"content":{"rendered":"<p class=\"has-medium-font-size\"><strong>Geld zu verdienen mit etwas, das du liebst, ist jetzt vollkommen einfach!<\/strong><\/p>\n\n\n\n<p class=\"has-medium-font-size\"><br>Poste deinen selbstgemachten Erotik-Content, teile mit anderen den Spa\u00df, den du hast, und werde daf\u00fcr bezahlt, vollkommen anonym.<\/p>\n\n\n\n<p class=\"has-medium-font-size\">Auf dieser Plattform werden alle Produzenten und Genie\u00dfer von guter Erwachsenenunterhaltung gefeiert.<\/p>\n\n\n\n<p>Und so funktioniert's:<\/p>\n\n\n\n<ul class=\"has-medium-font-size wp-block-list\"><li>Du erstellst deine erotischen Aufnahmen mit deinem Smartphone (oder einem anderen videof\u00e4higen Ger\u00e4t).<\/li><li>Du l\u00e4dst es ganz einfach hoch.<\/li><li>Dein Publikum kann dein Werk genie\u00dfen.<\/li><li>Als Belohnung bekommst du keine Likes, du bekommst Geld, das direkt in deine pers\u00f6nliche Kyrpto Wallet \u00fcberwiesen wird. Es gibt keine dubiose Zwischenstelle.<\/li><li>Die Transaktion wird zwischen dir und dem Konsumenten \u00fcber die Blockchain - also absolut sicher - durchgef\u00fchrt. Es besteht keine Notwendigkeit mehr f\u00fcr eine dubiose Zwischenstelle, der Austausch erfolgt direkt. <\/li><li>Und wenn du dich daf\u00fcr entscheidest, deine Produkte als NFT zu verkaufen, kannst du die H\u00f6he des Preises festlegen und damit noch mehr verdienen.<\/li><li>Mit deinen Kunstwerken kannst du ein zus\u00e4tzliches Einkommen generieren.<\/li><\/ul>\n\n\n\n<p class=\"has-normal-font-size\"><em>Wenn du Fragen hast, wie man eine Krypto Wallet einrichtet, unterst\u00fctzen wir gerne! Es ist vollkommen einfach und es gibt schon etliche Wallets zur Auswahl, die von Millionen Nutzern t\u00e4glich verwendet werden. Das hilft vielleicht bei der Auswahl: <a rel=\"noreferrer noopener\" href=\"https:\/\/cryptotrader.tax\/blog\/best-crypto-wallet\" target=\"_blank\">https:\/\/cryptotrader.tax\/blog\/best-crypto-wallet<\/a> (wir haben keine Verbindung zu dieser Seite).<\/em><br><em>Wir bieten auch kostenlose Seminare an zu den Themen Einrichten einer Krypto Wallet, zu Kryptow\u00e4hrungen allgemein und wie man erfolgreich in die Krypto-Welt eintaucht, um Geld zu verdienen.<\/em><\/p>\n\n\n\n<p><\/p>\n\n\n\n<h3 class=\"has-large-font-size wp-block-heading\">We are now in the launching phase and opened an exclusive guest list for early birds!<\/h3>\n\n\n\n<p><\/p>\n\n\n\n<!-- Begin Sendinblue Form -->\n<!-- START - We recommend to place the below code in head tag of your website html  -->\n<style>\n  @font-face {\n    font-display: block;\n    font-family: Roboto;\n    src: url(https:\/\/assets.sendinblue.com\/font\/Roboto\/Latin\/normal\/normal\/7529907e9eaf8ebb5220c5f9850e3811.woff2) format(\"woff2\"), url(https:\/\/assets.sendinblue.com\/font\/Roboto\/Latin\/normal\/normal\/25c678feafdc175a70922a116c9be3e7.woff) format(\"woff\")\n  }\n\n  @font-face {\n    font-display: fallback;\n    font-family: Roboto;\n    font-weight: 600;\n    src: url(https:\/\/assets.sendinblue.com\/font\/Roboto\/Latin\/medium\/normal\/6e9caeeafb1f3491be3e32744bc30440.woff2) format(\"woff2\"), url(https:\/\/assets.sendinblue.com\/font\/Roboto\/Latin\/medium\/normal\/71501f0d8d5aa95960f6475d5487d4c2.woff) format(\"woff\")\n  }\n\n  @font-face {\n    font-display: fallback;\n    font-family: Roboto;\n    font-weight: 700;\n    src: url(https:\/\/assets.sendinblue.com\/font\/Roboto\/Latin\/bold\/normal\/3ef7cf158f310cf752d5ad08cd0e7e60.woff2) format(\"woff2\"), url(https:\/\/assets.sendinblue.com\/font\/Roboto\/Latin\/bold\/normal\/ece3a1d82f18b60bcce0211725c476aa.woff) format(\"woff\")\n  }\n\n  #sib-container input:-ms-input-placeholder {\n    text-align: left;\n    font-family: \"Helvetica\", sans-serif;\n    color: #c0ccda;\n  }\n\n  #sib-container input::placeholder {\n    text-align: left;\n    font-family: \"Helvetica\", sans-serif;\n    color: #c0ccda;\n  }\n\n  #sib-container textarea::placeholder {\n    text-align: left;\n    font-family: \"Helvetica\", sans-serif;\n    color: #c0ccda;\n  }\n<\/style>\n<link rel=\"stylesheet\" href=\"https:\/\/sibforms.com\/forms\/end-form\/build\/sib-styles.css\">\n<!--  END - We recommend to place the above code in head tag of your website html -->\n\n<!-- START - We recommend to place the below code where you want the form in your website html  -->\n<div class=\"sib-form\" style=\"text-align: center;                 background-image: url(https:\/\/img.mailinblue.com\/3728073\/images\/rnb\/original\/60966a85528e910a01067943.png);           background-size: cover;         background-repeat: no-repeat;         background-position: center center; \">\n  <div id=\"sib-form-container\" class=\"sib-form-container\">\n    <div id=\"error-message\" class=\"sib-form-message-panel\" style=\"font-size:16px; text-align:left; font-family:&quot;Helvetica&quot;, sans-serif; color:#661d1d; background-color:#ffeded; border-radius:3px; border-color:#ff4949;max-width:540px;\">\n      <div class=\"sib-form-message-panel__text sib-form-message-panel__text--center\">\n        <svg viewbox=\"0 0 512 512\" class=\"sib-icon sib-notification__icon\">\n          <path d=\"M256 40c118.621 0 216 96.075 216 216 0 119.291-96.61 216-216 216-119.244 0-216-96.562-216-216 0-119.203 96.602-216 216-216m0-32C119.043 8 8 119.083 8 256c0 136.997 111.043 248 248 248s248-111.003 248-248C504 119.083 392.957 8 256 8zm-11.49 120h22.979c6.823 0 12.274 5.682 11.99 12.5l-7 168c-.268 6.428-5.556 11.5-11.99 11.5h-8.979c-6.433 0-11.722-5.073-11.99-11.5l-7-168c-.283-6.818 5.167-12.5 11.99-12.5zM256 340c-15.464 0-28 12.536-28 28s12.536 28 28 28 28-12.536 28-28-12.536-28-28-28z\"\n          \/>\n        <\/svg>\n        <span class=\"sib-form-message-panel__inner-text\">\n                          Your registration could not be saved. Please try again.\n                      <\/span>\n      <\/div>\n    <\/div>\n    <div><\/div>\n    <div id=\"success-message\" class=\"sib-form-message-panel\" style=\"font-size:16px; text-align:left; font-family:&quot;Helvetica&quot;, sans-serif; color:#085229; background-color:#e7faf0; border-radius:3px; border-color:#13ce66;max-width:540px;\">\n      <div class=\"sib-form-message-panel__text sib-form-message-panel__text--center\">\n        <svg viewbox=\"0 0 512 512\" class=\"sib-icon sib-notification__icon\">\n          <path d=\"M256 8C119.033 8 8 119.033 8 256s111.033 248 248 248 248-111.033 248-248S392.967 8 256 8zm0 464c-118.664 0-216-96.055-216-216 0-118.663 96.055-216 216-216 118.664 0 216 96.055 216 216 0 118.663-96.055 216-216 216zm141.63-274.961L217.15 376.071c-4.705 4.667-12.303 4.637-16.97-.068l-85.878-86.572c-4.667-4.705-4.637-12.303.068-16.97l8.52-8.451c4.705-4.667 12.303-4.637 16.97.068l68.976 69.533 163.441-162.13c4.705-4.667 12.303-4.637 16.97.068l8.451 8.52c4.668 4.705 4.637 12.303-.068 16.97z\"\n          \/>\n        <\/svg>\n        <span class=\"sib-form-message-panel__inner-text\">\n                          Your pre-registration has been successful.\n                      <\/span>\n      <\/div>\n    <\/div>\n    <div><\/div>\n    <div id=\"sib-container\" class=\"sib-container--large sib-container--vertical\" style=\"text-align:center; background-color:rgba(249,249,249,0.39); max-width:540px; border-radius:5px; border-width:2px; border-color:#C0CCD9; border-style:dashed;\">\n      <form id=\"sib-form\" method=\"POST\" action=\"https:\/\/9819e610.sibforms.com\/serve\/MUIEAH2P4kzqTgjMlh361kBzFnkqlcenKIpIGAuHBvZRggAtIVXS_aVetsr49SCFDXfvr7pvxymuC4qCkaqEz_suxxR05QSV-nA4JiSs0yDfAjnk88sBJ3c9ovoQnFaBeYUrD6uP0A1Y02DSSU4xyZuguHkIkVJaSIn8FEkjIl0gPyK9vh6s6Z_VIxJctj9JKHyQP6-CdUY-iY_L\"\n        data-type=\"subscription\" data-trp-original-action=\"https:\/\/9819e610.sibforms.com\/serve\/MUIEAH2P4kzqTgjMlh361kBzFnkqlcenKIpIGAuHBvZRggAtIVXS_aVetsr49SCFDXfvr7pvxymuC4qCkaqEz_suxxR05QSV-nA4JiSs0yDfAjnk88sBJ3c9ovoQnFaBeYUrD6uP0A1Y02DSSU4xyZuguHkIkVJaSIn8FEkjIl0gPyK9vh6s6Z_VIxJctj9JKHyQP6-CdUY-iY_L\">\n        <div style=\"padding: 8px 0;\">\n          <div class=\"sib-radiobutton-group sib-form-block\" data-required=\"true\">\n            <div class=\"form__entry entry_mcq\">\n              <div class=\"form__label-row\">\n                <label class=\"entry__label\" style=\"font-size:16px; text-align:left; font-weight:700; font-family:&quot;Helvetica&quot;, sans-serif; color:#3c4858;\" for=\"ROLE\" data-required=\"*\">\n                  Wie m\u00f6chtest du teilnehmen:\n                <\/label>\n                <div>\n                  <div class=\"entry__choice\">\n                    <label>\n                      <input >\n                      <span class=\"radio-button\"><\/span><span style=\"font-size:16px; text-align:left; font-family:&quot;Helvetica&quot;, sans-serif; color:#3C4858; background-color:transparent;\">Ersteller<\/span> <\/label>\n                  <\/div>\n                  <div class=\"entry__choice\">\n                    <label>\n                      <input >\n                      <span class=\"radio-button\"><\/span><span style=\"font-size:16px; text-align:left; font-family:&quot;Helvetica&quot;, sans-serif; color:#3C4858; background-color:transparent;\">Publikum<\/span> <\/label>\n                  <\/div>\n                  <div class=\"entry__choice\">\n                    <label>\n                      <input >\n                      <span class=\"radio-button\"><\/span><span style=\"font-size:16px; text-align:left; font-family:&quot;Helvetica&quot;, sans-serif; color:#3C4858; background-color:transparent;\">Beides<\/span> <\/label>\n                  <\/div>\n                <\/div>\n              <\/div>\n              <label class=\"entry__error entry__error--primary\" style=\"font-size:16px; text-align:left; font-family:&quot;Helvetica&quot;, sans-serif; color:#661d1d; background-color:#ffeded; border-radius:3px; border-color:#ff4949;\">\n              <\/label>\n            <\/div>\n          <\/div>\n        <\/div>\n        <div style=\"padding: 8px 0;\">\n          <div class=\"sib-input sib-form-block\">\n            <div class=\"form__entry entry_block\">\n              <div class=\"form__label-row\">\n                <label class=\"entry__label\" style=\"font-size:16px; text-align:left; font-weight:700; font-family:&quot;Helvetica&quot;, sans-serif; color:#3c4858;\" for=\"EMAIL\" data-required=\"*\">\n                  Please enter your guest list name (followed by @whatyou.love as human verification)\n                <\/label>\n\n                <div class=\"entry__field\">\n                  <input class=\"input\" type=\"text\" id=\"EMAIL\" name=\"EMAIL\" autocomplete=\"off\" data-required=\"true\" required \/>\n                <\/div>\n              <\/div>\n\n              <label class=\"entry__error entry__error--primary\" style=\"font-size:16px; text-align:left; font-family:&quot;Helvetica&quot;, sans-serif; color:#661d1d; background-color:#ffeded; border-radius:3px; border-color:#ff4949;\">\n              <\/label>\n              <label class=\"entry__specification\" style=\"font-size:12px; text-align:left; font-family:&quot;Helvetica&quot;, sans-serif; color:#8390A4;\">\n                Please enter a name and add @whatyou.love\n              <\/label>\n            <\/div>\n          <\/div>\n        <\/div>\n        <div style=\"padding: 8px 0;\">\n          <div class=\"sib-form-block\" style=\"text-align: left\">\n            <button class=\"sib-form-block__button sib-form-block__button-with-loader\" style=\"font-size:16px; text-align:left; font-weight:700; font-family:&quot;Helvetica&quot;, sans-serif; color:#FFFFFF; background-color:#f72cdb; border-radius:9px; border-width:0px;\"\n              form=\"sib-form\" type=\"submit\">\n              <svg class=\"icon clickable__icon progress-indicator__icon sib-hide-loader-icon\" viewbox=\"0 0 512 512\">\n                <path d=\"M460.116 373.846l-20.823-12.022c-5.541-3.199-7.54-10.159-4.663-15.874 30.137-59.886 28.343-131.652-5.386-189.946-33.641-58.394-94.896-95.833-161.827-99.676C261.028 55.961 256 50.751 256 44.352V20.309c0-6.904 5.808-12.337 12.703-11.982 83.556 4.306 160.163 50.864 202.11 123.677 42.063 72.696 44.079 162.316 6.031 236.832-3.14 6.148-10.75 8.461-16.728 5.01z\"\n                \/>\n              <\/svg>\n              Voranmelden\n            <\/button>\n          <\/div>\n        <\/div>\n\n        <input type=\"text\" name=\"email_address_check\" value=\"\" class=\"input--hidden\">\n        <input type=\"hidden\" name=\"locale\" value=\"en\">\n      <input type=\"hidden\" name=\"trp-form-language\" value=\"de\"\/><\/form>\n    <\/div>\n  <\/div>\n<\/div>\n<!-- END - We recommend to place the below code where you want the form in your website html  -->\n\n<!-- START - We recommend to place the below code in footer or bottom of your website html  -->\n<script>\n  window.REQUIRED_CODE_ERROR_MESSAGE = 'Please choose a country code';\n\n  window.EMAIL_INVALID_MESSAGE = window.SMS_INVALID_MESSAGE = \"The information provided is invalid. Please review the field format and try again.\";\n\n  window.REQUIRED_ERROR_MESSAGE = \"This field cannot be left blank. \";\n\n  window.GENERIC_INVALID_MESSAGE = \"The information provided is invalid. Please review the field format and try again.\";\n\n\n\n\n  window.translation = {\n    common: {\n      selectedList: '{quantity} list selected',\n      selectedLists: '{quantity} lists selected'\n    }\n  };\n\n  var AUTOHIDE = Boolean(1);\n<\/script>\n<script src=\"https:\/\/sibforms.com\/forms\/end-form\/build\/main.js\"><\/script>\n\n\n<!-- END - We recommend to place the above code in footer or bottom of your website html  -->\n<!-- End Sendinblue Form -->\n\n\n\n<p><em>We are not collecting any personal data. Maintaining anonymity is one of our priorities. We want to ensure a safe community. For becoming a partner, facilitator, supporter you can always contact us: <a href=\"mailto:team@whatyou.love\">team@whatyou.love<\/a><\/em><\/p>\n\n\n\n<p class=\"has-medium-font-size\">Bitte wirf auch einen Blick auf die <a href=\"https:\/\/www.whatyou.love\/de\/faq\/\" data-type=\"page\" data-id=\"16\">FAQ<\/a>.<br><\/p>","protected":false},"excerpt":{"rendered":"<p>Earning money with what you love now got absolutely easy! Post your self-made adult content, share with others the fun you have and get paid &#8211; totally anonymous! This platform is to celebrate all adult content lovers and creators. Here&#8217;s how it works: You shoot erotic clips with your mobile (or any other video device).<span class=\"dots\"> &hellip; <\/span><span class=\"link-more\"><a href=\"https:\/\/www.whatyou.love\/de\/start\/stars\/\" class=\"more-link\">Read more <span class=\"screen-reader-text\">&#8220;Welcome, erotic stars!&#8221;<\/span><\/a><\/span><\/p>","protected":false},"author":1,"featured_media":67,"parent":2,"menu_order":1,"comment_status":"closed","ping_status":"closed","template":"","meta":{"footnotes":""},"class_list":["post-13","page","type-page","status-publish","has-post-thumbnail","hentry"],"jetpack_sharing_enabled":true,"jetpack-related-posts":[{"id":2,"url":"https:\/\/www.whatyou.love\/de\/","url_meta":{"origin":13,"position":0},"title":"Earn Money With What You Love","author":"[anonymous]","date":"Mai 6, 2021","format":false,"excerpt":"Generate additional income with your adult content.","rel":"","context":"\u00c4hnlicher Beitrag","block_context":{"text":"\u00c4hnlicher Beitrag","link":""},"img":{"alt_text":"","src":"","width":0,"height":0},"classes":[]},{"id":24,"url":"https:\/\/www.whatyou.love\/de\/start\/audience\/","url_meta":{"origin":13,"position":1},"title":"We celebrate all lovers and supporters of premium adult content","author":"[anonymous]","date":"Mai 7, 2021","format":false,"excerpt":"If you - like us - love high quality home-grown adult entertainment, you will be obsessed with What You Love! Some points to know: The clips and pictures are curated in order to keep fake content out and ensure a high quality feed.You can support your favorite creators with an\u2026","rel":"","context":"\u00c4hnlicher Beitrag","block_context":{"text":"\u00c4hnlicher Beitrag","link":""},"img":{"alt_text":"","src":"https:\/\/i0.wp.com\/www.whatyou.love\/wp-content\/uploads\/2021\/05\/15109699_001_e77c_Fotor.jpg?fit=1024%2C655&ssl=1&resize=350%2C200","width":350,"height":200,"srcset":"https:\/\/i0.wp.com\/www.whatyou.love\/wp-content\/uploads\/2021\/05\/15109699_001_e77c_Fotor.jpg?fit=1024%2C655&ssl=1&resize=350%2C200 1x, https:\/\/i0.wp.com\/www.whatyou.love\/wp-content\/uploads\/2021\/05\/15109699_001_e77c_Fotor.jpg?fit=1024%2C655&ssl=1&resize=525%2C300 1.5x, https:\/\/i0.wp.com\/www.whatyou.love\/wp-content\/uploads\/2021\/05\/15109699_001_e77c_Fotor.jpg?fit=1024%2C655&ssl=1&resize=700%2C400 2x"},"classes":[]},{"id":16,"url":"https:\/\/www.whatyou.love\/de\/faq\/","url_meta":{"origin":13,"position":2},"title":"FAQ","author":"[anonymous]","date":"Mai 6, 2021","format":false,"excerpt":"(Under Construction) How to upload and list your contentHow to sell contentHow to tip contentHow to buy contentHow to connect your walletHow to import from another NFT marketplaceWhatYouLove Service Fee","rel":"","context":"\u00c4hnlicher Beitrag","block_context":{"text":"\u00c4hnlicher Beitrag","link":""},"img":{"alt_text":"","src":"","width":0,"height":0},"classes":[]},{"id":3,"url":"https:\/\/www.whatyou.love\/de\/privacy-policy\/","url_meta":{"origin":13,"position":3},"title":"Privacy Policy","author":"[anonymous]","date":"Mai 6, 2021","format":false,"excerpt":"Privacy Policy is committed to safeguarding your privacy. Contact us at admin@whatyou.love if you have any questions or problems regarding the use of your Personal Data\u00a0and we will gladly assist you. By using this site or\/and our services, you consent to the Processing of your Personal Data as described in\u2026","rel":"","context":"\u00c4hnlicher Beitrag","block_context":{"text":"\u00c4hnlicher Beitrag","link":""},"img":{"alt_text":"","src":"","width":0,"height":0},"classes":[]}],"_links":{"self":[{"href":"https:\/\/www.whatyou.love\/de\/wp-json\/wp\/v2\/pages\/13","targetHints":{"allow":["GET"]}}],"collection":[{"href":"https:\/\/www.whatyou.love\/de\/wp-json\/wp\/v2\/pages"}],"about":[{"href":"https:\/\/www.whatyou.love\/de\/wp-json\/wp\/v2\/types\/page"}],"author":[{"embeddable":true,"href":"https:\/\/www.whatyou.love\/de\/wp-json\/wp\/v2\/users\/1"}],"replies":[{"embeddable":true,"href":"https:\/\/www.whatyou.love\/de\/wp-json\/wp\/v2\/comments?post=13"}],"version-history":[{"count":23,"href":"https:\/\/www.whatyou.love\/de\/wp-json\/wp\/v2\/pages\/13\/revisions"}],"predecessor-version":[{"id":159,"href":"https:\/\/www.whatyou.love\/de\/wp-json\/wp\/v2\/pages\/13\/revisions\/159"}],"up":[{"embeddable":true,"href":"https:\/\/www.whatyou.love\/de\/wp-json\/wp\/v2\/pages\/2"}],"wp:featuredmedia":[{"embeddable":true,"href":"https:\/\/www.whatyou.love\/de\/wp-json\/wp\/v2\/media\/67"}],"wp:attachment":[{"href":"https:\/\/www.whatyou.love\/de\/wp-json\/wp\/v2\/media?parent=13"}],"curies":[{"name":"wp","href":"https:\/\/api.w.org\/{rel}","templated":true}]}}