{"id":24,"date":"2021-05-07T20:35:50","date_gmt":"2021-05-07T20:35:50","guid":{"rendered":"https:\/\/www.whatyou.love\/?page_id=24"},"modified":"2021-05-12T18:58:16","modified_gmt":"2021-05-12T18:58:16","slug":"audience","status":"publish","type":"page","link":"https:\/\/www.whatyou.love\/de\/start\/audience\/","title":{"rendered":"We celebrate all lovers and supporters of premium adult content"},"content":{"rendered":"<p class=\"has-medium-font-size\"><strong>Wenn du - wie wir - Premium Erwachsenenunterhaltung liebst, wirst du von What You Love begeistert sein!<\/strong><\/p>\n\n\n\n<p><\/p>\n\n\n\n<p><\/p>\n\n\n\n<p>Wie es funktioniert:<\/p>\n\n\n\n<ul class=\"has-medium-font-size wp-block-list\"><li>The clips and pictures are curated in order to keep fake content out and ensure a high quality feed.<\/li><li>Du kannst deine Lieblings-K\u00fcnstler unterst\u00fctzen und ihnen Trinkgeld \u00fcbermitteln. Es gibt keine Verpflichtung, es liegt ganz an deiner Beurteilung, wieviel es dir wert ist. <\/li><li>Die Transaktion findet direkt und sicher zwischen dir und dem K\u00fcnstler via Blockchain statt, also keine Notwendigkeit mehr f\u00fcr dubiose Zwischenstellen.<\/li><li>Wenn eine K\u00fcnstlerin sich dazu entscheidet, ihren Inhalt als NFT zum Verkauf anzubieten, hast du die M\u00f6glichkeit, von der potentiellen Wertsteigerung des Kunstwerks zu profitieren.<\/li><li>Du kannst auch davon profitieren, den Token von WhatYouLove zu halten, der zunehmend an Wert gewinnt.<\/li><li>Die Nutzung der Plattform ist kostenlos. Es ist kein Nutzer-Konto erforderlich. Wir sind nicht an der Sammlung deiner Daten interessiert.<\/li><li>Die Industrie der Erwachsenenunterhaltung ist voller M\u00fcll, Schwindel und Betrug. Wir wollen das Gegenteil sein. <\/li><li>Wir sind Leute wie du, wir wollen einfach gute Amateur-Clips genie\u00dfen.<\/li><\/ul>\n\n\n\n<p><\/p>\n\n\n\n<h3 class=\"has-large-font-size wp-block-heading\">Wir sind jetzt in der Launching Phase und werden demn\u00e4chst Early Bird Zug\u00e4nge f\u00fcr vorangemeldete Benutzer vergeben.<\/h3>\n\n\n\n<h3 class=\"has-large-font-size wp-block-heading\">Wenn du einer der ersten sein willst, die hochwertigen Amateur-Inhalte genie\u00dfen und erwerben wollen, kannst du dich jetzt exklusiv voranmelden: <\/h3>\n\n\n\n<p><\/p>\n\n\n\n<p><\/p>\n\n\n\n<!-- Begin Sendinblue Form -->\n<!-- START - We recommend to place the below code in head tag of your website html  -->\n<style>\n  @font-face {\n    font-display: block;\n    font-family: Roboto;\n    src: url(https:\/\/assets.sendinblue.com\/font\/Roboto\/Latin\/normal\/normal\/7529907e9eaf8ebb5220c5f9850e3811.woff2) format(\"woff2\"), url(https:\/\/assets.sendinblue.com\/font\/Roboto\/Latin\/normal\/normal\/25c678feafdc175a70922a116c9be3e7.woff) format(\"woff\")\n  }\n\n  @font-face {\n    font-display: fallback;\n    font-family: Roboto;\n    font-weight: 600;\n    src: url(https:\/\/assets.sendinblue.com\/font\/Roboto\/Latin\/medium\/normal\/6e9caeeafb1f3491be3e32744bc30440.woff2) format(\"woff2\"), url(https:\/\/assets.sendinblue.com\/font\/Roboto\/Latin\/medium\/normal\/71501f0d8d5aa95960f6475d5487d4c2.woff) format(\"woff\")\n  }\n\n  @font-face {\n    font-display: fallback;\n    font-family: Roboto;\n    font-weight: 700;\n    src: url(https:\/\/assets.sendinblue.com\/font\/Roboto\/Latin\/bold\/normal\/3ef7cf158f310cf752d5ad08cd0e7e60.woff2) format(\"woff2\"), url(https:\/\/assets.sendinblue.com\/font\/Roboto\/Latin\/bold\/normal\/ece3a1d82f18b60bcce0211725c476aa.woff) format(\"woff\")\n  }\n\n  #sib-container input:-ms-input-placeholder {\n    text-align: left;\n    font-family: \"Helvetica\", sans-serif;\n    color: #c0ccda;\n  }\n\n  #sib-container input::placeholder {\n    text-align: left;\n    font-family: \"Helvetica\", sans-serif;\n    color: #c0ccda;\n  }\n\n  #sib-container textarea::placeholder {\n    text-align: left;\n    font-family: \"Helvetica\", sans-serif;\n    color: #c0ccda;\n  }\n<\/style>\n<link rel=\"stylesheet\" href=\"https:\/\/sibforms.com\/forms\/end-form\/build\/sib-styles.css\">\n<!--  END - We recommend to place the above code in head tag of your website html -->\n\n<!-- START - We recommend to place the below code where you want the form in your website html  -->\n<div class=\"sib-form\" style=\"text-align: center;                 background-image: url(https:\/\/img.mailinblue.com\/3728073\/images\/rnb\/original\/60966a85528e910a01067943.png);           background-size: cover;         background-repeat: no-repeat;         background-position: center center; \">\n  <div id=\"sib-form-container\" class=\"sib-form-container\">\n    <div id=\"error-message\" class=\"sib-form-message-panel\" style=\"font-size:16px; text-align:left; font-family:&quot;Helvetica&quot;, sans-serif; color:#661d1d; background-color:#ffeded; border-radius:3px; border-color:#ff4949;max-width:540px;\">\n      <div class=\"sib-form-message-panel__text sib-form-message-panel__text--center\">\n        <svg viewbox=\"0 0 512 512\" class=\"sib-icon sib-notification__icon\">\n          <path d=\"M256 40c118.621 0 216 96.075 216 216 0 119.291-96.61 216-216 216-119.244 0-216-96.562-216-216 0-119.203 96.602-216 216-216m0-32C119.043 8 8 119.083 8 256c0 136.997 111.043 248 248 248s248-111.003 248-248C504 119.083 392.957 8 256 8zm-11.49 120h22.979c6.823 0 12.274 5.682 11.99 12.5l-7 168c-.268 6.428-5.556 11.5-11.99 11.5h-8.979c-6.433 0-11.722-5.073-11.99-11.5l-7-168c-.283-6.818 5.167-12.5 11.99-12.5zM256 340c-15.464 0-28 12.536-28 28s12.536 28 28 28 28-12.536 28-28-12.536-28-28-28z\"><\/path>\n        <\/svg>\n        <span class=\"sib-form-message-panel__inner-text\">\n                          Your registration could not be saved. Please try again.\n                      <\/span>\n      <\/div>\n    <\/div>\n    <div><\/div>\n    <div id=\"success-message\" class=\"sib-form-message-panel\" style=\"font-size:16px; text-align:left; font-family:&quot;Helvetica&quot;, sans-serif; color:#085229; background-color:#e7faf0; border-radius:3px; border-color:#13ce66;max-width:540px;\">\n      <div class=\"sib-form-message-panel__text sib-form-message-panel__text--center\">\n        <svg viewbox=\"0 0 512 512\" class=\"sib-icon sib-notification__icon\">\n          <path d=\"M256 8C119.033 8 8 119.033 8 256s111.033 248 248 248 248-111.033 248-248S392.967 8 256 8zm0 464c-118.664 0-216-96.055-216-216 0-118.663 96.055-216 216-216 118.664 0 216 96.055 216 216 0 118.663-96.055 216-216 216zm141.63-274.961L217.15 376.071c-4.705 4.667-12.303 4.637-16.97-.068l-85.878-86.572c-4.667-4.705-4.637-12.303.068-16.97l8.52-8.451c4.705-4.667 12.303-4.637 16.97.068l68.976 69.533 163.441-162.13c4.705-4.667 12.303-4.637 16.97.068l8.451 8.52c4.668 4.705 4.637 12.303-.068 16.97z\"><\/path>\n        <\/svg>\n        <span class=\"sib-form-message-panel__inner-text\">\n                          Your pre-registration has been successful.\n                      <\/span>\n      <\/div>\n    <\/div>\n    <div><\/div>\n    <div id=\"sib-container\" class=\"sib-container--large sib-container--vertical\" style=\"text-align:center; background-color:rgba(249,249,249,0.39); max-width:540px; border-radius:5px; border-width:2px; border-color:#C0CCD9; border-style:dashed;\">\n      <form id=\"sib-form\" method=\"POST\" action=\"https:\/\/9819e610.sibforms.com\/serve\/MUIEAH2P4kzqTgjMlh361kBzFnkqlcenKIpIGAuHBvZRggAtIVXS_aVetsr49SCFDXfvr7pvxymuC4qCkaqEz_suxxR05QSV-nA4JiSs0yDfAjnk88sBJ3c9ovoQnFaBeYUrD6uP0A1Y02DSSU4xyZuguHkIkVJaSIn8FEkjIl0gPyK9vh6s6Z_VIxJctj9JKHyQP6-CdUY-iY_L\" data-type=\"subscription\" data-trp-original-action=\"https:\/\/9819e610.sibforms.com\/serve\/MUIEAH2P4kzqTgjMlh361kBzFnkqlcenKIpIGAuHBvZRggAtIVXS_aVetsr49SCFDXfvr7pvxymuC4qCkaqEz_suxxR05QSV-nA4JiSs0yDfAjnk88sBJ3c9ovoQnFaBeYUrD6uP0A1Y02DSSU4xyZuguHkIkVJaSIn8FEkjIl0gPyK9vh6s6Z_VIxJctj9JKHyQP6-CdUY-iY_L\">\n        <div style=\"padding: 8px 0;\">\n          <div class=\"sib-radiobutton-group sib-form-block\" data-required=\"true\">\n            <div class=\"form__entry entry_mcq\">\n              <div class=\"form__label-row\">\n                <label class=\"entry__label\" style=\"font-size:16px; text-align:left; font-weight:700; font-family:&quot;Helvetica&quot;, sans-serif; color:#3c4858;\" for=\"ROLE\" data-required=\"*\">\n                  Wie m\u00f6chtest du teilnehmen:\n                <\/label>\n                <div>\n                  <div class=\"entry__choice\">\n                    <label>\n                      <input type=\"radio\" name=\"ROLE\" class=\"input_replaced\" value=\"1\" required=\"\">\n                      <span class=\"radio-button\"><\/span><span style=\"font-size:16px; text-align:left; font-family:&quot;Helvetica&quot;, sans-serif; color:#3C4858; background-color:transparent;\">Ersteller<\/span> <\/label>\n                  <\/div>\n                  <div class=\"entry__choice\">\n                    <label>\n                      <input type=\"radio\" name=\"ROLE\" class=\"input_replaced\" value=\"2\" required=\"\">\n                      <span class=\"radio-button\"><\/span><span style=\"font-size:16px; text-align:left; font-family:&quot;Helvetica&quot;, sans-serif; color:#3C4858; background-color:transparent;\">Publikum<\/span> <\/label>\n                  <\/div>\n                  <div class=\"entry__choice\">\n                    <label>\n                      <input type=\"radio\" name=\"ROLE\" class=\"input_replaced\" value=\"3\" required=\"\">\n                      <span class=\"radio-button\"><\/span><span style=\"font-size:16px; text-align:left; font-family:&quot;Helvetica&quot;, sans-serif; color:#3C4858; background-color:transparent;\">Beides<\/span> <\/label>\n                  <\/div>\n                <\/div>\n              <\/div>\n              <label class=\"entry__error entry__error--primary\" style=\"font-size:16px; text-align:left; font-family:&quot;Helvetica&quot;, sans-serif; color:#661d1d; background-color:#ffeded; border-radius:3px; border-color:#ff4949;\">\n              <\/label>\n            <\/div>\n          <\/div>\n        <\/div>\n        <div style=\"padding: 8px 0;\">\n          <div class=\"sib-input sib-form-block\">\n            <div class=\"form__entry entry_block\">\n              <div class=\"form__label-row\">\n                <label class=\"entry__label\" style=\"font-size:16px; text-align:left; font-weight:700; font-family:&quot;Helvetica&quot;, sans-serif; color:#3c4858;\" for=\"EMAIL\" data-required=\"*\">\n                  Please enter your guest list name (followed by @whatyou.love as human verification)\n                <\/label>\n\n                <div class=\"entry__field\">\n                  <input class=\"input\" type=\"text\" id=\"EMAIL\" name=\"EMAIL\" autocomplete=\"off\" data-required=\"true\" required=\"\">\n                <\/div>\n              <\/div>\n\n              <label class=\"entry__error entry__error--primary\" style=\"font-size:16px; text-align:left; font-family:&quot;Helvetica&quot;, sans-serif; color:#661d1d; background-color:#ffeded; border-radius:3px; border-color:#ff4949;\">\n              <\/label>\n              <label class=\"entry__specification\" style=\"font-size:12px; text-align:left; font-family:&quot;Helvetica&quot;, sans-serif; color:#8390A4;\">\n                Please enter a name and add @whatyou.love\n              <\/label>\n            <\/div>\n          <\/div>\n        <\/div>\n        <div style=\"padding: 8px 0;\">\n          <div class=\"sib-form-block\" style=\"text-align: left\">\n            <button class=\"sib-form-block__button sib-form-block__button-with-loader\" style=\"font-size:16px; text-align:left; font-weight:700; font-family:&quot;Helvetica&quot;, sans-serif; color:#FFFFFF; background-color:#f72cdb; border-radius:9px; border-width:0px;\" form=\"sib-form\" type=\"submit\">\n              <svg class=\"icon clickable__icon progress-indicator__icon sib-hide-loader-icon\" viewbox=\"0 0 512 512\">\n                <path d=\"M460.116 373.846l-20.823-12.022c-5.541-3.199-7.54-10.159-4.663-15.874 30.137-59.886 28.343-131.652-5.386-189.946-33.641-58.394-94.896-95.833-161.827-99.676C261.028 55.961 256 50.751 256 44.352V20.309c0-6.904 5.808-12.337 12.703-11.982 83.556 4.306 160.163 50.864 202.11 123.677 42.063 72.696 44.079 162.316 6.031 236.832-3.14 6.148-10.75 8.461-16.728 5.01z\"><\/path>\n              <\/svg>\n              Voranmelden\n            <\/button>\n          <\/div>\n        <\/div>\n\n        <input type=\"text\" name=\"email_address_check\" value=\"\" class=\"input--hidden\">\n        <input type=\"hidden\" name=\"locale\" value=\"en\">\n      <input type=\"hidden\" name=\"trp-form-language\" value=\"de\"\/><\/form>\n    <\/div>\n  <\/div>\n<\/div>\n<!-- END - We recommend to place the below code where you want the form in your website html  -->\n\n<!-- START - We recommend to place the below code in footer or bottom of your website html  -->\n<script>\n  window.REQUIRED_CODE_ERROR_MESSAGE = 'Please choose a country code';\n\n  window.EMAIL_INVALID_MESSAGE = window.SMS_INVALID_MESSAGE = \"The information provided is invalid. Please review the field format and try again.\";\n\n  window.REQUIRED_ERROR_MESSAGE = \"This field cannot be left blank. \";\n\n  window.GENERIC_INVALID_MESSAGE = \"The information provided is invalid. Please review the field format and try again.\";\n\n\n\n\n  window.translation = {\n    common: {\n      selectedList: '{quantity} list selected',\n      selectedLists: '{quantity} lists selected'\n    }\n  };\n\n  var AUTOHIDE = Boolean(1);\n<\/script>\n<script src=\"https:\/\/sibforms.com\/forms\/end-form\/build\/main.js\"><\/script>\n\n\n<!-- END - We recommend to place the above code in footer or bottom of your website html  -->\n<!-- End Sendinblue Form -->\n\n\n\n<p><\/p>\n\n\n\n<p>Bitte mache auch einen Abstecher auf unsere <a href=\"https:\/\/www.whatyou.love\/de\/faq\/\" data-type=\"page\" data-id=\"16\">FAQ<\/a>.<\/p>\n\n\n\n<p><\/p>","protected":false},"excerpt":{"rendered":"<p>If you &#8211; like us &#8211; love high quality home-grown adult entertainment, you will be obsessed with What You Love! Some points to know: The clips and pictures are curated in order to keep fake content out and ensure a high quality feed. You can support your favorite creators with an appreciation transaction. You don&#8217;t<span class=\"dots\"> &hellip; <\/span><span class=\"link-more\"><a href=\"https:\/\/www.whatyou.love\/de\/start\/audience\/\" class=\"more-link\">Read more <span class=\"screen-reader-text\">&#8220;We celebrate all lovers and supporters of premium adult content&#8221;<\/span><\/a><\/span><\/p>","protected":false},"author":1,"featured_media":95,"parent":2,"menu_order":1,"comment_status":"closed","ping_status":"closed","template":"","meta":{"footnotes":""},"class_list":["post-24","page","type-page","status-publish","has-post-thumbnail","hentry"],"jetpack_sharing_enabled":true,"jetpack-related-posts":[{"id":13,"url":"https:\/\/www.whatyou.love\/de\/start\/stars\/","url_meta":{"origin":24,"position":0},"title":"Welcome, erotic stars!","author":"[anonymous]","date":"Mai 6, 2021","format":false,"excerpt":"Earning money with what you love now got absolutely easy! Post your self-made adult content, share with others the fun you have and get paid - totally anonymous! This platform is to celebrate all adult content lovers and creators. Here's how it works: You shoot erotic clips with your mobile\u2026","rel":"","context":"\u00c4hnlicher Beitrag","block_context":{"text":"\u00c4hnlicher Beitrag","link":""},"img":{"alt_text":"","src":"https:\/\/i0.wp.com\/www.whatyou.love\/wp-content\/uploads\/2021\/05\/15109699_014_1899_Fotor.jpg?fit=1024%2C651&ssl=1&resize=350%2C200","width":350,"height":200,"srcset":"https:\/\/i0.wp.com\/www.whatyou.love\/wp-content\/uploads\/2021\/05\/15109699_014_1899_Fotor.jpg?fit=1024%2C651&ssl=1&resize=350%2C200 1x, https:\/\/i0.wp.com\/www.whatyou.love\/wp-content\/uploads\/2021\/05\/15109699_014_1899_Fotor.jpg?fit=1024%2C651&ssl=1&resize=525%2C300 1.5x, https:\/\/i0.wp.com\/www.whatyou.love\/wp-content\/uploads\/2021\/05\/15109699_014_1899_Fotor.jpg?fit=1024%2C651&ssl=1&resize=700%2C400 2x"},"classes":[]},{"id":2,"url":"https:\/\/www.whatyou.love\/de\/","url_meta":{"origin":24,"position":1},"title":"Earn Money With What You Love","author":"[anonymous]","date":"Mai 6, 2021","format":false,"excerpt":"Generate additional income with your adult content.","rel":"","context":"\u00c4hnlicher Beitrag","block_context":{"text":"\u00c4hnlicher Beitrag","link":""},"img":{"alt_text":"","src":"","width":0,"height":0},"classes":[]},{"id":16,"url":"https:\/\/www.whatyou.love\/de\/faq\/","url_meta":{"origin":24,"position":2},"title":"FAQ","author":"[anonymous]","date":"Mai 6, 2021","format":false,"excerpt":"(Under Construction) How to upload and list your contentHow to sell contentHow to tip contentHow to buy contentHow to connect your walletHow to import from another NFT marketplaceWhatYouLove Service Fee","rel":"","context":"\u00c4hnlicher Beitrag","block_context":{"text":"\u00c4hnlicher Beitrag","link":""},"img":{"alt_text":"","src":"","width":0,"height":0},"classes":[]},{"id":3,"url":"https:\/\/www.whatyou.love\/de\/privacy-policy\/","url_meta":{"origin":24,"position":3},"title":"Privacy Policy","author":"[anonymous]","date":"Mai 6, 2021","format":false,"excerpt":"Privacy Policy is committed to safeguarding your privacy. Contact us at admin@whatyou.love if you have any questions or problems regarding the use of your Personal Data\u00a0and we will gladly assist you. By using this site or\/and our services, you consent to the Processing of your Personal Data as described in\u2026","rel":"","context":"\u00c4hnlicher Beitrag","block_context":{"text":"\u00c4hnlicher Beitrag","link":""},"img":{"alt_text":"","src":"","width":0,"height":0},"classes":[]}],"_links":{"self":[{"href":"https:\/\/www.whatyou.love\/de\/wp-json\/wp\/v2\/pages\/24","targetHints":{"allow":["GET"]}}],"collection":[{"href":"https:\/\/www.whatyou.love\/de\/wp-json\/wp\/v2\/pages"}],"about":[{"href":"https:\/\/www.whatyou.love\/de\/wp-json\/wp\/v2\/types\/page"}],"author":[{"embeddable":true,"href":"https:\/\/www.whatyou.love\/de\/wp-json\/wp\/v2\/users\/1"}],"replies":[{"embeddable":true,"href":"https:\/\/www.whatyou.love\/de\/wp-json\/wp\/v2\/comments?post=24"}],"version-history":[{"count":35,"href":"https:\/\/www.whatyou.love\/de\/wp-json\/wp\/v2\/pages\/24\/revisions"}],"predecessor-version":[{"id":161,"href":"https:\/\/www.whatyou.love\/de\/wp-json\/wp\/v2\/pages\/24\/revisions\/161"}],"up":[{"embeddable":true,"href":"https:\/\/www.whatyou.love\/de\/wp-json\/wp\/v2\/pages\/2"}],"wp:featuredmedia":[{"embeddable":true,"href":"https:\/\/www.whatyou.love\/de\/wp-json\/wp\/v2\/media\/95"}],"wp:attachment":[{"href":"https:\/\/www.whatyou.love\/de\/wp-json\/wp\/v2\/media?parent=24"}],"curies":[{"name":"wp","href":"https:\/\/api.w.org\/{rel}","templated":true}]}}